{"id":64,"date":"2016-06-28T15:00:07","date_gmt":"2016-06-28T14:00:07","guid":{"rendered":"https:\/\/www.zoekenderwijs.nl\/webshop\/?post_type=product&#038;p=64"},"modified":"2020-06-18T00:12:03","modified_gmt":"2020-06-17T22:12:03","slug":"spiegelspel-intensive-vip-dag-individuele-coaching","status":"publish","type":"product","link":"https:\/\/www.zoekenderwijs.nl\/webshop\/product\/spiegelspel-intensive-vip-dag-individuele-coaching\/","title":{"rendered":"Spiegelspel Intensive VIP dag individuele coaching"},"content":{"rendered":"<p>VIP Spiegelspel Intensive<br \/>\n\u2013 Een vip dag met 6 tot 8 uur \u00e9\u00e9n op \u00e9\u00e9n coaching met Jacqueline Versteeg &#8211; de Weerd, datum volgens afspraak<br \/>\n\u2013 Verslaglegging gedurende de dag<br \/>\n\u2013 Een mail na afloop met maatwerk documentatie, audio en video.<br \/>\n\u2013 2 maanden Spiegelspel gerelateerde e-coaching na afloop, (antwoord binnen 48 uur op werkdagen op vragen) om de inzichten te implementeren.<br \/>\n\u2013 Toegang tot mijn grote spirit business netwerk<br \/>\n\u2013 Toegang tot Facebook groepen met gelijkgestemden en bibliotheek vol waardevolle informatie om jezelf verder te begeleiden.<\/p>\n<p>Ontdekken van je talenten en levensmissie.<br \/>\nLeren opsporen en doorbreken van blokkades.<br \/>\nLeren bewust cre\u00ebren met je eigen talenten.<br \/>\nVertrouwen op je eigen wijsheid.<br \/>\nBewust en in balans leven.<br \/>\nJouw visioen leven.<\/p>\n","protected":false},"excerpt":{"rendered":"<p>VIP Spiegelspel Intensive \u2013 Een vip dag met 6 tot 8 uur \u00e9\u00e9n op \u00e9\u00e9n coaching met Jacqueline Versteeg &#8211; de Weerd, datum volgens afspraak \u2013 Verslaglegging gedurende de dag \u2013 Een mail na afloop met maatwerk documentatie, audio en video. \u2013 2 maanden Spiegelspel gerelateerde e-coaching na afloop, (antwoord binnen 48 uur op werkdagen [&hellip;]<\/p>\n","protected":false},"featured_media":340,"comment_status":"open","ping_status":"closed","template":"","meta":{"_et_pb_use_builder":"","_et_pb_old_content":"","_et_gb_content_width":""},"product_brand":[],"product_cat":[8],"product_tag":[],"class_list":{"0":"post-64","1":"product","2":"type-product","3":"status-publish","4":"has-post-thumbnail","6":"product_cat-coaching","8":"first","9":"instock","10":"taxable","11":"shipping-taxable","12":"purchasable","13":"product-type-simple"},"_links":{"self":[{"href":"https:\/\/www.zoekenderwijs.nl\/webshop\/wp-json\/wp\/v2\/product\/64","targetHints":{"allow":["GET"]}}],"collection":[{"href":"https:\/\/www.zoekenderwijs.nl\/webshop\/wp-json\/wp\/v2\/product"}],"about":[{"href":"https:\/\/www.zoekenderwijs.nl\/webshop\/wp-json\/wp\/v2\/types\/product"}],"replies":[{"embeddable":true,"href":"https:\/\/www.zoekenderwijs.nl\/webshop\/wp-json\/wp\/v2\/comments?post=64"}],"wp:featuredmedia":[{"embeddable":true,"href":"https:\/\/www.zoekenderwijs.nl\/webshop\/wp-json\/wp\/v2\/media\/340"}],"wp:attachment":[{"href":"https:\/\/www.zoekenderwijs.nl\/webshop\/wp-json\/wp\/v2\/media?parent=64"}],"wp:term":[{"taxonomy":"product_brand","embeddable":true,"href":"https:\/\/www.zoekenderwijs.nl\/webshop\/wp-json\/wp\/v2\/product_brand?post=64"},{"taxonomy":"product_cat","embeddable":true,"href":"https:\/\/www.zoekenderwijs.nl\/webshop\/wp-json\/wp\/v2\/product_cat?post=64"},{"taxonomy":"product_tag","embeddable":true,"href":"https:\/\/www.zoekenderwijs.nl\/webshop\/wp-json\/wp\/v2\/product_tag?post=64"}],"curies":[{"name":"wp","href":"https:\/\/api.w.org\/{rel}","templated":true}]}}